{"id":36,"date":"2026-03-25T17:02:17","date_gmt":"2026-03-25T17:02:17","guid":{"rendered":"https:\/\/spektrum-werk.de\/?page_id=36"},"modified":"2026-03-29T16:31:38","modified_gmt":"2026-03-29T16:31:38","slug":"coaching","status":"publish","type":"page","link":"https:\/\/spektrum-werk.de\/?page_id=36","title":{"rendered":"Coaching"},"content":{"rendered":"\n<p class=\"has-custom-333333-color has-text-color has-link-color wp-elements-da7fb4e8b6c334d2ce89f5990d21e6dd\">Neurodivergenz zeigt sich bei jedem Menschen anders \u2013 deshalb gibt es hier keine Standardl\u00f6sungen, sondern individuelle Wege.<\/p>\n\n\n\n<p class=\"has-custom-333333-color has-text-color has-link-color wp-elements-810b8ca099a4ae909915e9d06643103d\">Deshalb stehen Sie mit Ihren Erfahrungen, Fragen und Zielen im Mittelpunkt. <\/p>\n\n\n\n<div style=\"height:25px\" aria-hidden=\"true\" class=\"wp-block-spacer\"><\/div>\n\n\n\n<figure class=\"wp-block-image size-large is-resized\"><img loading=\"lazy\" decoding=\"async\" width=\"1024\" height=\"682\" src=\"https:\/\/spektrum-werk.de\/wp-content\/uploads\/2026\/03\/DSC07696-1024x682.jpeg\" alt=\"\" class=\"wp-image-72\" style=\"object-fit:cover;width:800px;height:200px\" srcset=\"https:\/\/spektrum-werk.de\/wp-content\/uploads\/2026\/03\/DSC07696-1024x682.jpeg 1024w, https:\/\/spektrum-werk.de\/wp-content\/uploads\/2026\/03\/DSC07696-300x200.jpeg 300w, https:\/\/spektrum-werk.de\/wp-content\/uploads\/2026\/03\/DSC07696-768x511.jpeg 768w, https:\/\/spektrum-werk.de\/wp-content\/uploads\/2026\/03\/DSC07696-1536x1022.jpeg 1536w, https:\/\/spektrum-werk.de\/wp-content\/uploads\/2026\/03\/DSC07696-2048x1363.jpeg 2048w\" sizes=\"auto, (max-width: 1024px) 100vw, 1024px\" \/><\/figure>\n\n\n\n<div class=\"wp-block-columns is-layout-flex wp-container-core-columns-is-layout-28f84493 wp-block-columns-is-layout-flex\">\n<div class=\"wp-block-column is-layout-flow wp-block-column-is-layout-flow\" style=\"flex-basis:66.66%\">\n<h2 class=\"wp-block-heading\">Coaching f\u00fcr Erwachsene<\/h2>\n\n\n\n<p class=\"has-custom-333333-color has-text-color has-link-color wp-elements-7a6db758ffea727e9e8883c025e8caf4\">Viele neurodivergente Erwachsene haben im Laufe ihres Lebens Strategien entwickelt, um mit Anforderungen umzugehen \u2013 oft jedoch unter hoher Anstrengung oder mit dem Gef\u00fchl, \u201eanders\u201c zu sein. <\/p>\n\n\n\n<p class=\"has-custom-333333-color has-text-color has-link-color wp-elements-c5e3e7d3b75fa924356fc74c2e9ca67b\">Vielleicht kennen Sie das Gef\u00fchl, dass vieles mehr Energie kostet als bei anderen \u2013 oder dass Ihre Art zu denken und zu arbeiten nicht immer in die vorhandenen Strukturen passt.<\/p>\n\n\n\n<p class=\"has-custom-333333-color has-text-color has-link-color wp-elements-17c9519841344d521f7d54b7ef3e855e\">Im Coaching schauen wir gemeinsam darauf, wie Sie denken, wahrnehmen, arbeiten und was Sie konkret unterst\u00fctzt.<\/p>\n\n\n\n<p class=\"has-custom-333333-color has-text-color has-link-color wp-elements-cb9542daf1f073f9d1b6ad425ec640f5\">M\u00f6gliche Themen k\u00f6nnen sein:<\/p>\n\n\n\n<ul class=\"wp-block-list\">\n<li class=\"has-superbfont-xsmall-font-size\">Umgang mit Reiz\u00fcberflutung und Energie<\/li>\n\n\n\n<li class=\"has-superbfont-xsmall-font-size\">Struktur und Organisation im Alltag oder Beruf<\/li>\n\n\n\n<li class=\"has-superbfont-xsmall-font-size\">Konzentration und Motivation<\/li>\n\n\n\n<li class=\"has-superbfont-xsmall-font-size\">Selbstverst\u00e4ndnis und Selbstakzeptanz<\/li>\n\n\n\n<li class=\"has-superbfont-xsmall-font-size\">Kommunikation im privaten oder beruflichen Umfeld<\/li>\n<\/ul>\n\n\n\n<p class=\"has-custom-333333-color has-text-color has-link-color wp-elements-353200a146ea80272d4139bc078415d6\">Ziel ist nicht, Sie zu ver\u00e4ndern \u2013 sondern Sie dabei zu unterst\u00fctzen, einen Umgang zu finden, der sich stimmiger und entlastender anf\u00fchlt.<\/p>\n<\/div>\n\n\n\n<div class=\"wp-block-column is-layout-flow wp-block-column-is-layout-flow\" style=\"flex-basis:33.33%\"><\/div>\n<\/div>\n\n\n\n<div style=\"height:50px\" aria-hidden=\"true\" class=\"wp-block-spacer\"><\/div>\n\n\n\n<figure class=\"wp-block-image size-large is-resized\"><img loading=\"lazy\" decoding=\"async\" width=\"1024\" height=\"575\" src=\"https:\/\/spektrum-werk.de\/wp-content\/uploads\/2026\/03\/DSC00458-1-1024x575.jpeg\" alt=\"\" class=\"wp-image-76\" style=\"object-fit:cover;width:800px;height:200px\" srcset=\"https:\/\/spektrum-werk.de\/wp-content\/uploads\/2026\/03\/DSC00458-1-1024x575.jpeg 1024w, https:\/\/spektrum-werk.de\/wp-content\/uploads\/2026\/03\/DSC00458-1-300x168.jpeg 300w, https:\/\/spektrum-werk.de\/wp-content\/uploads\/2026\/03\/DSC00458-1-768x431.jpeg 768w, https:\/\/spektrum-werk.de\/wp-content\/uploads\/2026\/03\/DSC00458-1-1536x863.jpeg 1536w, https:\/\/spektrum-werk.de\/wp-content\/uploads\/2026\/03\/DSC00458-1-2048x1150.jpeg 2048w\" sizes=\"auto, (max-width: 1024px) 100vw, 1024px\" \/><\/figure>\n\n\n\n<div class=\"wp-block-columns is-layout-flex wp-container-core-columns-is-layout-28f84493 wp-block-columns-is-layout-flex\">\n<div class=\"wp-block-column is-layout-flow wp-block-column-is-layout-flow\" style=\"flex-basis:66.66%\">\n<h2 class=\"wp-block-heading\">Coaching f\u00fcr Familien &amp; Eltern<\/h2>\n\n\n\n<p class=\"has-custom-333333-color has-text-color has-link-color wp-elements-02a26fbb0af0938d7dab282418f2e696\">Als Eltern eines neurodivergenten Kindes stehen Sie oft vor Situationen, f\u00fcr die es keine einfachen Antworten gibt. Sie erleben vermutlich Situationen, in denen gewohnte Wege nicht greifen. Das kann verunsichern und viel Kraft kosten.<\/p>\n\n\n\n<p class=\"has-custom-333333-color has-text-color has-link-color wp-elements-a6f98fa375ca8432ecf5e145ec714c24\">Im Coaching unterst\u00fctze ich Sie dabei, Ihr Kind besser zu verstehen und mehr Sicherheit im Umgang zu gewinnen.<\/p>\n\n\n\n<p class=\"has-custom-333333-color has-text-color has-link-color wp-elements-15a313197dcb64b29016a2666ba97c29\">Wir schauen gemeinsam:<\/p>\n\n\n\n<ul class=\"wp-block-list\">\n<li class=\"has-superbfont-xsmall-font-size\">Was braucht Ihr Kind in bestimmten Situationen?<\/li>\n\n\n\n<li class=\"has-superbfont-xsmall-font-size\">Welche Ausl\u00f6ser f\u00fchren zu \u00dcberforderung?<\/li>\n\n\n\n<li class=\"has-superbfont-xsmall-font-size\">Wie k\u00f6nnen Sie im Alltag entlastende Strukturen schaffen?<\/li>\n<\/ul>\n\n\n\n<p class=\"has-custom-333333-color has-text-color has-link-color wp-elements-1e253cf63e948dde8dbd5c18f3e79c9a\">Dabei geht es nicht darum, Ihr Kind zu ver\u00e4ndern \u2013 sondern darum, Wege zu finden, die f\u00fcr Ihr Kind und Ihre Familie wirklich funktionieren.<\/p>\n\n\n\n<p class=\"has-custom-4-b-7-e-8-a-color has-text-color has-link-color has-superbfont-xsmall-font-size wp-elements-f71bbed8e48a2dd4d9d25c87785ce164\">Sie kennen Ihr Kind am besten.<\/p>\n\n\n\n<p class=\"has-custom-333333-color has-text-color has-link-color wp-elements-2bc2e3c88f729268c05ef07be5217884\">Ein besonderer Fokus liegt auf der Zusammenarbeit mit Ihnen als Eltern.  Im Coaching verbinden wir Ihre Erfahrungen mit neuen Impulsen und entwickeln gemeinsam L\u00f6sungen, die sich im Alltag bew\u00e4hren. <\/p>\n\n\n\n<p class=\"has-custom-333333-color has-text-color has-link-color wp-elements-c2c7afea561dbbb3f739e68dc1703a82\">Mir ist wichtig, dass Sie sich mit Ihren Fragen, Unsicherheiten und Herausforderungen ernst genommen f\u00fchlen. Sie m\u00fcssen das nicht allein herausfinden.<\/p>\n<\/div>\n\n\n\n<div class=\"wp-block-column is-layout-flow wp-block-column-is-layout-flow\" style=\"flex-basis:33.33%\"><\/div>\n<\/div>\n\n\n\n<div class=\"wp-block-columns alignfull is-layout-flex wp-container-core-columns-is-layout-28f84493 wp-block-columns-is-layout-flex\">\n<div class=\"wp-block-column is-layout-flow wp-block-column-is-layout-flow\"><\/div>\n<\/div>\n\n\n\n<p><\/p>\n","protected":false},"excerpt":{"rendered":"<p>Neurodivergenz zeigt sich bei jedem Menschen anders \u2013 deshalb gibt es hier keine Standardl\u00f6sungen, sondern individuelle Wege. Deshalb stehen Sie mit Ihren Erfahrungen, Fragen und Zielen im Mittelpunkt. Coaching f\u00fcr Erwachsene Viele neurodivergente Erwachsene haben im Laufe ihres Lebens Strategien entwickelt, um mit Anforderungen umzugehen \u2013 oft jedoch unter hoher Anstrengung oder mit dem Gef\u00fchl, [&hellip;]<\/p>\n","protected":false},"author":1,"featured_media":0,"parent":0,"menu_order":0,"comment_status":"closed","ping_status":"closed","template":"","meta":{"footnotes":""},"class_list":["post-36","page","type-page","status-publish","hentry"],"_links":{"self":[{"href":"https:\/\/spektrum-werk.de\/index.php?rest_route=\/wp\/v2\/pages\/36","targetHints":{"allow":["GET"]}}],"collection":[{"href":"https:\/\/spektrum-werk.de\/index.php?rest_route=\/wp\/v2\/pages"}],"about":[{"href":"https:\/\/spektrum-werk.de\/index.php?rest_route=\/wp\/v2\/types\/page"}],"author":[{"embeddable":true,"href":"https:\/\/spektrum-werk.de\/index.php?rest_route=\/wp\/v2\/users\/1"}],"replies":[{"embeddable":true,"href":"https:\/\/spektrum-werk.de\/index.php?rest_route=%2Fwp%2Fv2%2Fcomments&post=36"}],"version-history":[{"count":15,"href":"https:\/\/spektrum-werk.de\/index.php?rest_route=\/wp\/v2\/pages\/36\/revisions"}],"predecessor-version":[{"id":77,"href":"https:\/\/spektrum-werk.de\/index.php?rest_route=\/wp\/v2\/pages\/36\/revisions\/77"}],"wp:attachment":[{"href":"https:\/\/spektrum-werk.de\/index.php?rest_route=%2Fwp%2Fv2%2Fmedia&parent=36"}],"curies":[{"name":"wp","href":"https:\/\/api.w.org\/{rel}","templated":true}]}}